{"id":498,"date":"2018-04-11T14:47:49","date_gmt":"2018-04-11T12:47:49","guid":{"rendered":"http:\/\/www.projekt-vera.de\/wordpress\/?page_id=498"},"modified":"2022-09-06T10:31:27","modified_gmt":"2022-09-06T08:31:27","slug":"ansprechpartner-vera-3-rheinland-pfalz","status":"publish","type":"page","link":"https:\/\/www.projekt-vera.de\/wordpress\/?page_id=498","title":{"rendered":"Ansprechpartner VERA 3: Rheinland-Pfalz"},"content":{"rendered":"<h3>Support (Unterst\u00fctzung) des P\u00e4dagogischen Landesinstituts f\u00fcr den Zeitraum der Vergleichsarbeiten:<\/h3>\n<p class=\"bodytext\"><strong>P\u00e4dagogisches Landesinstitut Rheinland-Pfalz<br \/>\n<\/strong>Butensch\u00f6nstr. 2<br \/>\n67346 Speyer \/ Rhein<br \/>\n<a title=\"\u00d6ffnet einen externen Link in einem neuen Fenster\" href=\"https:\/\/bildung-rp.de\/pl.html\" target=\"_blank\" rel=\"noopener\">https:\/\/bildung-rp.de\/pl.html<\/a><\/p>\n<p class=\"bodytext\"><b>Support:<\/b><\/p>\n<p class=\"bodytext\">First-Level-Support am PL-Standort Koblenz<br \/>\n<strong>Tel.<\/strong>: 0261-9702-500<br \/>\n<strong>E-Mail: <\/strong><a href=\"mailto:eschule24@pl.rlp.de\"><span style=\"text-decoration: none; text-underline: none;\"><strong><!-- [if gte vml 1]><v:shapetype\n id=\"_x0000_t75\" coordsize=\"21600,21600\" o:spt=\"75\" o:preferrelative=\"t\"\n path=\"m@4@5l@4@11@9@11@9@5xe\" filled=\"f\" stroked=\"f\">\n <v:stroke joinstyle=\"miter\"\/>\n <v:formulas>\n  <v:f eqn=\"if lineDrawn pixelLineWidth 0\"\/>\n  <v:f eqn=\"sum @0 1 0\"\/>\n  <v:f eqn=\"sum 0 0 @1\"\/>\n  <v:f eqn=\"prod @2 1 2\"\/>\n  <v:f eqn=\"prod @3 21600 pixelWidth\"\/>\n  <v:f eqn=\"prod @3 21600 pixelHeight\"\/>\n  <v:f eqn=\"sum @0 0 1\"\/>\n  <v:f eqn=\"prod @6 1 2\"\/>\n  <v:f eqn=\"prod @7 21600 pixelWidth\"\/>\n  <v:f eqn=\"sum @8 21600 0\"\/>\n  <v:f eqn=\"prod @7 21600 pixelHeight\"\/>\n  <v:f eqn=\"sum @10 21600 0\"\/>\n <\/v:formulas>\n <v:path o:extrusionok=\"f\" gradientshapeok=\"t\" o:connecttype=\"rect\"\/>\n <o:lock v:ext=\"edit\" aspectratio=\"t\"\/>\n<\/v:shapetype><v:shape id=\"Grafik_x0020_2\" o:spid=\"_x0000_i1025\" type=\"#_x0000_t75\"\n alt=\"E-Mail\" style='width:7.5pt;height:7.5pt'>\n <v:imagedata src=\"file:\/\/\/C:\\Temp\\msohtmlclip1\\01\\clip_image001.gif\" o:href=\"cid:image001.gif@01D42FF4.65088590\"\/>\n<\/v:shape><![endif]--><!-- [if !vml]--><\/strong><\/span>eschule24@pl.rlp.de<br \/>\n<\/a><br \/>\nSecond-Level-Support am PL-Standort Speyer<br \/>\n<strong>E-Mail: <\/strong><a href=\"mailto:vera3@pl.rlp.de\"><span style=\"text-decoration: none; text-underline: none;\"><strong><!-- [if gte vml 1]><v:shape\n id=\"Grafik_x0020_1\" o:spid=\"_x0000_i1026\" type=\"#_x0000_t75\" alt=\"E-Mail\"\n style='width:7.5pt;height:7.5pt'>\n <v:imagedata src=\"file:\/\/\/C:\\Temp\\msohtmlclip1\\01\\clip_image001.gif\" o:href=\"cid:image001.gif@01D42FF4.65088590\"\/>\n<\/v:shape><![endif]--><!-- [if !vml]--><\/strong><\/span>vera3@pl.rlp.de<\/a><\/p>\n<p><strong>weitere Informationen:<br \/>\n<\/strong>Landesspezifische Informationen zu VERA3 in Rheinland-Pfalz finden Sie auf dem Bildungsserver.<\/p>\n<figure id=\"attachment_499\" aria-describedby=\"caption-attachment-499\" style=\"width: 196px\" class=\"wp-caption alignnone\"><a href=\"https:\/\/bildung-rp.de\/\" target=\"_blank\" rel=\"noopener\"><img decoding=\"async\" loading=\"lazy\" class=\"wp-image-499 size-full\" src=\"http:\/\/www.projekt-vera.de\/wordpress\/wp-content\/uploads\/2018\/04\/bildungsserver_rlp.png\" alt=\"\" width=\"196\" height=\"57\" \/><\/a><figcaption id=\"caption-attachment-499\" class=\"wp-caption-text\">Bildungsserver Rheinland-Pfalz<\/figcaption><\/figure>\n<figure id=\"attachment_500\" aria-describedby=\"caption-attachment-500\" style=\"width: 93px\" class=\"wp-caption alignnone\"><a href=\"https:\/\/grundschule.bildung-rp.de\/\" target=\"_blank\" rel=\"noopener\"><img decoding=\"async\" loading=\"lazy\" class=\"wp-image-500 size-full\" src=\"http:\/\/www.projekt-vera.de\/wordpress\/wp-content\/uploads\/2018\/04\/rlp_grnds.gif\" alt=\"\" width=\"93\" height=\"58\" \/><\/a><figcaption id=\"caption-attachment-500\" class=\"wp-caption-text\">Grundschule in Rheinland-Pfalz<\/figcaption><\/figure>\n","protected":false},"excerpt":{"rendered":"<p>Support (Unterst\u00fctzung) des P\u00e4dagogischen Landesinstituts f\u00fcr den Zeitraum der Vergleichsarbeiten: P\u00e4dagogisches Landesinstitut Rheinland-Pfalz Butensch\u00f6nstr. 2 67346 Speyer \/ Rhein https:\/\/bildung-rp.de\/pl.html Support: First-Level-Support am PL-Standort Koblenz Tel.: 0261-9702-500 E-Mail: eschule24@pl.rlp.de Second-Level-Support am PL-Standort Speyer E-Mail: vera3@pl.rlp.de weitere Informationen: Landesspezifische Informationen zu VERA3 in Rheinland-Pfalz finden Sie auf dem Bildungsserver.<\/p>\n","protected":false},"author":1,"featured_media":0,"parent":458,"menu_order":0,"comment_status":"closed","ping_status":"closed","template":"","meta":[],"categories":[5],"_links":{"self":[{"href":"https:\/\/www.projekt-vera.de\/wordpress\/index.php?rest_route=\/wp\/v2\/pages\/498"}],"collection":[{"href":"https:\/\/www.projekt-vera.de\/wordpress\/index.php?rest_route=\/wp\/v2\/pages"}],"about":[{"href":"https:\/\/www.projekt-vera.de\/wordpress\/index.php?rest_route=\/wp\/v2\/types\/page"}],"author":[{"embeddable":true,"href":"https:\/\/www.projekt-vera.de\/wordpress\/index.php?rest_route=\/wp\/v2\/users\/1"}],"replies":[{"embeddable":true,"href":"https:\/\/www.projekt-vera.de\/wordpress\/index.php?rest_route=%2Fwp%2Fv2%2Fcomments&post=498"}],"version-history":[{"count":4,"href":"https:\/\/www.projekt-vera.de\/wordpress\/index.php?rest_route=\/wp\/v2\/pages\/498\/revisions"}],"predecessor-version":[{"id":798,"href":"https:\/\/www.projekt-vera.de\/wordpress\/index.php?rest_route=\/wp\/v2\/pages\/498\/revisions\/798"}],"up":[{"embeddable":true,"href":"https:\/\/www.projekt-vera.de\/wordpress\/index.php?rest_route=\/wp\/v2\/pages\/458"}],"wp:attachment":[{"href":"https:\/\/www.projekt-vera.de\/wordpress\/index.php?rest_route=%2Fwp%2Fv2%2Fmedia&parent=498"}],"wp:term":[{"taxonomy":"category","embeddable":true,"href":"https:\/\/www.projekt-vera.de\/wordpress\/index.php?rest_route=%2Fwp%2Fv2%2Fcategories&post=498"}],"curies":[{"name":"wp","href":"https:\/\/api.w.org\/{rel}","templated":true}]}}