{"id":5,"date":"2018-04-09T10:59:18","date_gmt":"2018-04-09T10:59:18","guid":{"rendered":"http:\/\/www.projekt-vera.de\/wordpress\/?page_id=5"},"modified":"2023-06-29T10:41:13","modified_gmt":"2023-06-29T08:41:13","slug":"startseite","status":"publish","type":"page","link":"https:\/\/www.projekt-vera.de\/wordpress\/","title":{"rendered":"Projektgruppe VERA am zepf"},"content":{"rendered":"<p class=\"bodytext\">Herzlich willkommen auf den Internetseiten der Projektgruppe VERA am <b><a title=\"\u00d6ffnet einen externen Link in einem neuen Fenster\" href=\"https:\/\/www.zepf.eu\" target=\"_blank\" rel=\"noopener\">Zentrum f\u00fcr Empirische P\u00e4dagogische Forschung (zepf)<\/a><\/b> an der RPTU Kaiserslautern-Landau, Campus Landau.<\/p>\n<p class=\"bodytext\">Die Projektgruppe stellt mehreren Bundesl\u00e4ndern mit diesen Internetseiten ein Portal zur Durchf\u00fchrung der Vergleichsarbeiten in der Grundschule und in der achten Jahrgangsstufe zur Verf\u00fcgung. Die Mitarbeiterinnen und Mitarbeiter der Projektgruppe nehmen die Auswertungen der j\u00e4hrlich durchgef\u00fchrten Vergleichsarbeiten vor und erstellen verschiedene R\u00fcckmeldungen, die den teilnehmenden Schulen in den gesch\u00fctzten Bereichen zur Verf\u00fcgung gestellt werden.<\/p>\n<p class=\"bodytext\"><a href=\"http:\/\/www.projekt-vera.de\/wordpress\/?page_id=287\"><img decoding=\"async\" loading=\"lazy\" class=\"size-medium wp-image-583 alignleft\" src=\"http:\/\/www.projekt-vera.de\/wordpress\/wp-content\/uploads\/2018\/06\/vera3_logo-300x102.png\" alt=\"\" width=\"300\" height=\"102\" srcset=\"https:\/\/www.projekt-vera.de\/wordpress\/wp-content\/uploads\/2018\/06\/vera3_logo-300x102.png 300w, https:\/\/www.projekt-vera.de\/wordpress\/wp-content\/uploads\/2018\/06\/vera3_logo.png 375w\" sizes=\"(max-width: 300px) 100vw, 300px\" \/><\/a>\u00dcber die einzelnen Men\u00fcpunkte dieser Seiten k\u00f6nnen allgemeine Informationen zu den Vergleichsarbeiten aufgerufen und die am Projekt in Landau beteiligten Bundesl\u00e4nder angezeigt werden. Dar\u00fcber hinaus k\u00f6nnen die Lehrkr\u00e4fte der beteiligten Bundesl\u00e4nder zu den getrennten gesch\u00fctzten Bereichen zu <a class=\"external-link-new-window\" title=\"\u00d6ffnet einen externen Link in einem neuen Fenster\" href=\"https:\/\/www.projekt-vera3.de\/\" target=\"_blank\" rel=\"noopener\"><b>VERA3<\/b><\/a> (Grundschulen) und <a class=\"external-link-new-window\" title=\"\u00d6ffnet einen externen Link in einem neuen Fenster\" href=\"https:\/\/www.projekt-vera8.de\/\" target=\"_blank\" rel=\"noopener\"><b>VERA8<\/b><\/a> (achte Jahrgangsstufe) gelangen, um dort Materialien zur Durchf\u00fchrung der Vergleichsarbeiten herunterzuladen, die Testergebnisse der Sch\u00fclerinnen und Sch\u00fcler einzugeben und schlie\u00dflich R\u00fcckmeldungen zu den Tests einzusehen bzw. herunterzuladen.<\/p>\n<p><a href=\"http:\/\/www.projekt-vera.de\/wordpress\/?page_id=337\"><img decoding=\"async\" loading=\"lazy\" class=\"size-medium wp-image-589 alignright\" src=\"http:\/\/www.projekt-vera.de\/wordpress\/wp-content\/uploads\/2018\/06\/vera8_logo-300x102.png\" alt=\"\" width=\"300\" height=\"102\" srcset=\"https:\/\/www.projekt-vera.de\/wordpress\/wp-content\/uploads\/2018\/06\/vera8_logo-300x102.png 300w, https:\/\/www.projekt-vera.de\/wordpress\/wp-content\/uploads\/2018\/06\/vera8_logo.png 375w\" sizes=\"(max-width: 300px) 100vw, 300px\" \/><\/a><\/p>\n<p class=\"bodytext\">2012 und 2015 haben wir die Auswertung der Kompetenztests in Italienisch als Zweitsprache f\u00fcr die Autonome Provinz Bozen \/ S\u00fcdtirol angeboten.<\/p>\n<p class=\"bodytext\">Urspr\u00fcnglich wurde das Projekt VERA als Vergleichsarbeiten in Grundschulen bereits im Jahr 2003 von&nbsp;<a class=\"external-link-new-window\" title=\"Opens external link in new window\" href=\"http:\/\/andreas-helmke.de\/\" target=\"_blank\" rel=\"noopener\">Prof. Dr. Andreas Helmke<\/a> und (Prof.) Dr. Ingmar Hosenfeld entwickelt.<\/p>\n","protected":false},"excerpt":{"rendered":"<p>Herzlich willkommen auf den Internetseiten der Projektgruppe VERA am Zentrum f\u00fcr Empirische P\u00e4dagogische Forschung (zepf) an der RPTU Kaiserslautern-Landau, Campus Landau. Die Projektgruppe stellt mehreren Bundesl\u00e4ndern mit diesen Internetseiten ein Portal zur Durchf\u00fchrung der Vergleichsarbeiten in der Grundschule und in der achten Jahrgangsstufe zur Verf\u00fcgung. Die Mitarbeiterinnen und Mitarbeiter der Projektgruppe nehmen die Auswertungen der [&hellip;]<\/p>\n","protected":false},"author":1,"featured_media":0,"parent":0,"menu_order":0,"comment_status":"closed","ping_status":"closed","template":"","meta":[],"categories":[],"_links":{"self":[{"href":"https:\/\/www.projekt-vera.de\/wordpress\/index.php?rest_route=\/wp\/v2\/pages\/5"}],"collection":[{"href":"https:\/\/www.projekt-vera.de\/wordpress\/index.php?rest_route=\/wp\/v2\/pages"}],"about":[{"href":"https:\/\/www.projekt-vera.de\/wordpress\/index.php?rest_route=\/wp\/v2\/types\/page"}],"author":[{"embeddable":true,"href":"https:\/\/www.projekt-vera.de\/wordpress\/index.php?rest_route=\/wp\/v2\/users\/1"}],"replies":[{"embeddable":true,"href":"https:\/\/www.projekt-vera.de\/wordpress\/index.php?rest_route=%2Fwp%2Fv2%2Fcomments&post=5"}],"version-history":[{"count":7,"href":"https:\/\/www.projekt-vera.de\/wordpress\/index.php?rest_route=\/wp\/v2\/pages\/5\/revisions"}],"predecessor-version":[{"id":842,"href":"https:\/\/www.projekt-vera.de\/wordpress\/index.php?rest_route=\/wp\/v2\/pages\/5\/revisions\/842"}],"wp:attachment":[{"href":"https:\/\/www.projekt-vera.de\/wordpress\/index.php?rest_route=%2Fwp%2Fv2%2Fmedia&parent=5"}],"wp:term":[{"taxonomy":"category","embeddable":true,"href":"https:\/\/www.projekt-vera.de\/wordpress\/index.php?rest_route=%2Fwp%2Fv2%2Fcategories&post=5"}],"curies":[{"name":"wp","href":"https:\/\/api.w.org\/{rel}","templated":true}]}}