{"id":544,"date":"2018-04-24T10:13:07","date_gmt":"2018-04-24T08:13:07","guid":{"rendered":"http:\/\/www.projekt-vera.de\/wordpress\/?page_id=544"},"modified":"2023-06-29T10:32:10","modified_gmt":"2023-06-29T08:32:10","slug":"impressum","status":"publish","type":"page","link":"https:\/\/www.projekt-vera.de\/wordpress\/?page_id=544","title":{"rendered":"Impressum"},"content":{"rendered":"<h2>Projekt VERA<\/h2>\n<p><strong>Zentrum f\u00fcr Empirische P\u00e4dagogische Forschung (zepf)<\/strong><br \/>\nRPTU Kaiserslautern-Landau<br \/>\nB\u00fcrgerstr. 23<br \/>\n76829 Landau<br \/>\n<strong>Fax:<\/strong> 06341 \/ 280-32600<br \/>\n<strong>E-Mail:<\/strong> sekretariat@zepf.uni-landau.de<br \/>\n<strong>Verantwortlich:<\/strong> Prof. Dr. Ingmar Hosenfeld und Dr. Michael Zimmer-M\u00fcller<\/p>\n<p>&nbsp;<\/p>\n<p><strong>Hinweise zu Hyperlinks auf der Homepage des VERA-Projekte:<\/strong><\/p>\n<p>Bei direkten oder indirekten Verweisen auf fremde Webseiten (&#8222;Hyperlinks&#8220;), die au\u00dferhalb des Verantwortungsbereiches der Autoren liegen, w\u00fcrde eine Haftungsverpflichtung ausschlie\u00dflich in dem Fall in Kraft treten, in dem der Autor von den Inhalten Kenntnis hat und es ihm technisch m\u00f6glich und zumutbar w\u00e4re, die Nutzung im Falle rechtswidriger Inhalte zu verhindern.<br \/>\nDie Autoren erkl\u00e4ren hiermit ausdr\u00fccklich, dass zum Zeitpunkt der Linksetzung keine illegalen Inhalte auf den zu verlinkenden Seiten erkennbar waren. Auf die aktuelle und zuk\u00fcnftige Gestaltung, die Inhalte oder die Urheberschaft der gelinkten\/verkn\u00fcpften Seiten haben die Autoren keinerlei Einfluss. Deshalb distanzieren sie sich hiermit ausdr\u00fccklich von allen Inhalten aller gelinkten \/verkn\u00fcpften Seiten, die nach der Linksetzung ver\u00e4ndert wurden. Diese Feststellung gilt f\u00fcr alle innerhalb des eigenen Internetangebotes gesetzten Links und Verweise sowie f\u00fcr Fremdeintr\u00e4ge in von den Autoren eingerichteten G\u00e4steb\u00fcchern, Diskussionsforen und Mailinglisten. F\u00fcr illegale, fehlerhafte oder unvollst\u00e4ndige Inhalte und insbesondere f\u00fcr Sch\u00e4den, die aus der Nutzung oder Nichtnutzung solcherart dargebotener Informationen entstehen, haftet allein der Anbieter der Seite, auf welche verwiesen wurde, nicht derjenige, der \u00fcber Links auf die jeweilige Ver\u00f6ffentlichung lediglich verweist.<\/p>\n<p>&nbsp;<\/p>\n<p><strong>Gestaltung und Copyright-Inhaber des VERA3-Logos: <a href=\"http:\/\/www.elementardesign.de\/\" target=\"_blank\" rel=\"noopener\"><img decoding=\"async\" loading=\"lazy\" class=\"alignnone wp-image-545 size-full\" src=\"http:\/\/www.projekt-vera.de\/wordpress\/wp-content\/uploads\/2018\/04\/RTEmagicC_logo_elementar.gif\" alt=\"\" width=\"187\" height=\"46\"><\/a><\/strong><\/p>\n","protected":false},"excerpt":{"rendered":"<p>Projekt VERA Zentrum f\u00fcr Empirische P\u00e4dagogische Forschung (zepf) RPTU Kaiserslautern-Landau B\u00fcrgerstr. 23 76829 Landau Fax: 06341 \/ 280-32600 E-Mail: sekretariat@zepf.uni-landau.de Verantwortlich: Prof. Dr. Ingmar Hosenfeld und Dr. Michael Zimmer-M\u00fcller &nbsp; Hinweise zu Hyperlinks auf der Homepage des VERA-Projekte: Bei direkten oder indirekten Verweisen auf fremde Webseiten (&#8222;Hyperlinks&#8220;), die au\u00dferhalb des Verantwortungsbereiches der Autoren liegen, w\u00fcrde [&hellip;]<\/p>\n","protected":false},"author":1,"featured_media":0,"parent":0,"menu_order":0,"comment_status":"closed","ping_status":"closed","template":"","meta":[],"categories":[],"_links":{"self":[{"href":"https:\/\/www.projekt-vera.de\/wordpress\/index.php?rest_route=\/wp\/v2\/pages\/544"}],"collection":[{"href":"https:\/\/www.projekt-vera.de\/wordpress\/index.php?rest_route=\/wp\/v2\/pages"}],"about":[{"href":"https:\/\/www.projekt-vera.de\/wordpress\/index.php?rest_route=\/wp\/v2\/types\/page"}],"author":[{"embeddable":true,"href":"https:\/\/www.projekt-vera.de\/wordpress\/index.php?rest_route=\/wp\/v2\/users\/1"}],"replies":[{"embeddable":true,"href":"https:\/\/www.projekt-vera.de\/wordpress\/index.php?rest_route=%2Fwp%2Fv2%2Fcomments&post=544"}],"version-history":[{"count":5,"href":"https:\/\/www.projekt-vera.de\/wordpress\/index.php?rest_route=\/wp\/v2\/pages\/544\/revisions"}],"predecessor-version":[{"id":841,"href":"https:\/\/www.projekt-vera.de\/wordpress\/index.php?rest_route=\/wp\/v2\/pages\/544\/revisions\/841"}],"wp:attachment":[{"href":"https:\/\/www.projekt-vera.de\/wordpress\/index.php?rest_route=%2Fwp%2Fv2%2Fmedia&parent=544"}],"wp:term":[{"taxonomy":"category","embeddable":true,"href":"https:\/\/www.projekt-vera.de\/wordpress\/index.php?rest_route=%2Fwp%2Fv2%2Fcategories&post=544"}],"curies":[{"name":"wp","href":"https:\/\/api.w.org\/{rel}","templated":true}]}}