{"id":548,"date":"2018-04-24T10:30:28","date_gmt":"2018-04-24T08:30:28","guid":{"rendered":"http:\/\/www.projekt-vera.de\/wordpress\/?page_id=548"},"modified":"2023-07-12T14:23:38","modified_gmt":"2023-07-12T12:23:38","slug":"datenschutzerklaerung","status":"publish","type":"page","link":"https:\/\/www.projekt-vera.de\/wordpress\/?page_id=548","title":{"rendered":"Datenschutzerkl\u00e4rung"},"content":{"rendered":"<p>Die vorliegende Datenschutzrichtlinie erl\u00e4utert, welche Informationen bei der Nutzung des Internetangebots <a href=\"http:\/\/www.projekt-vera.de\">www.projekt-vera.de<\/a> anfallen, vom Nutzer \u00fcberlassen werden, gegebenenfalls gesammelt werden und wie diese Daten von uns gesch\u00fctzt werden. Grunds\u00e4tzlich ist eine Nutzung unserer Internetseiten ohne jede Angabe personenbezogener Daten m\u00f6glich. Sofern eine betroffene Person besondere Services unseres Unternehmens \u00fcber unsere Internetseite in Anspruch nehmen m\u00f6chte, k\u00f6nnte jedoch eine Verarbeitung personenbezogener Daten erforderlich werden. Ist die Verarbeitung personenbezogener Daten n\u00f6tig und besteht f\u00fcr eine solche Verarbeitung keine gesetzliche Grundlage, holen wir generell eine Einwilligung der betroffenen Person ein.<\/p>\n<p>Mittels dieser Datenschutzerkl\u00e4rung m\u00f6chte das Zentrum f\u00fcr Empirische P\u00e4dagogische Forschung die \u00d6ffentlichkeit \u00fcber Art, Umfang und Zweck der von uns erhobenen, genutzten und verarbeiteten ersonenbezogenen Daten informieren. Ferner werden betroffene Personen mittels dieser Datenschutzerkl\u00e4rung \u00fcber die ihnen zustehenden Rechte aufgekl\u00e4rt.<\/p>\n<p>Das Zentrum f\u00fcr Empirische P\u00e4dagogische Forschung der Rheinland-Pf\u00e4lzischen Technischen Universit\u00e4t Kaiserslautern-Landau, hat als f\u00fcr die Verarbeitung Verantwortlicher zahlreiche technische und organisatorische Ma\u00dfnahmen umgesetzt, um einen m\u00f6glichst l\u00fcckenlosen Schutz der \u00fcber diese Internetseite verarbeiteten personenbezogenen Daten sicherzustellen. Dennoch k\u00f6nnen internetbasierte Daten\u00fcbertragungen grunds\u00e4tzlich Sicherheitsl\u00fccken aufweisen, sodass ein absoluter Schutz nicht gew\u00e4hrleistet werden kann.<\/p>\n<h4>2. Name und Anschrift des f\u00fcr die Verarbeitung Verantwortlichen<\/h4>\n<p>Verantwortlicher im Sinne der Datenschutz-Grundverordnung, sonstiger in den Mitgliedstaaten der Europ\u00e4ischen Union geltenden Datenschutzgesetze und anderer Bestimmungen mit datenschutzrechtlichem Charakter:<\/p>\n<p>Zentrum f\u00fcr Empirische P\u00e4dagogische Forschung<br \/>\nRPTU Kaiserslautern-Landau<br \/>\nB\u00fcrgerstra\u00dfe 23<br \/>\n76829 Landau in der Pfalz<br \/>\nDeutschland<br \/>\nTel.: 06341\/280 32 165<br \/>\nE-Mail: sekretariat@zepf.uni-landau.de<br \/>\nWebsite: www.zepf.eu<\/p>\n<h4>Datenschutzbeauftragte der der Rheinland-Pf\u00e4lzischen Technischen Universit\u00e4t Kaiserslautern-Landau:<\/h4>\n<p>Joachim Stemler<br \/>\nRPTU Kaiserslautern-Landau<br \/>\nTel.: +49 631 205-4434<br \/>\nE-Mail: datenschutz@uni-kl.de<\/p>\n<h4>Personenbezogene Daten<\/h4>\n<p>Wenn Sie unsere Webseite besuchen, speichern unsere Webserver tempor\u00e4r jeden Zugriff in einer Protokolldatei. Folgende Daten werden dabei erfasst und bis zur automatisierten L\u00f6schung gespeichert:<\/p>\n<ul>\n<li>IP-Adresse des anfragenden Rechners<\/li>\n<li>Datum und Uhrzeit des Zugriffs<\/li>\n<li>Name und URL der abgerufenen Datei<\/li>\n<li>\u00dcbertragene Datenmenge<\/li>\n<li>Meldung, ob der Abruf erfolgreich war<\/li>\n<li>Useragent des verwendeten Browser- und Betriebsystems<\/li>\n<li>Webseite, von der aus der Zugriff erfolgt<\/li>\n<\/ul>\n<p>Die Verarbeitung dieser Daten erfolgt zum Zweck, die Nutzung der Webseite zu erm\u00f6glichen (Verbindungsaufbau), der Systemsicherheit, der technischen Administration der Netzinfrastruktur sowie zur Optimierung des Internetangebots. Die IP-Adresse wird hierbei anonymisiert gespeichert und l\u00e4sst keine R\u00fcckschl\u00fcsse auf die genaue Herkunft des Kommunikationsteilnehmers zu. Personenbezogene Nutzerprofile werden nicht erstellt. Wir verwenden personenbezogene Daten ausschlie\u00dflich im Rahmen Ihrer Einwilligung zur Beantwortung Ihrer Anfragen per Mail oder \u00fcber das Kontaktformular bzw. im Rahmen wissenschaftlicher Untersuchungen \u00fcber unser eigenes Portal f\u00fcr Onlinebefragungen. Sie haben jederzeit die M\u00f6glichkeit, eine erteilte Einwilligung zu widerrufen.<br \/>\nDas Kriterium f\u00fcr die Dauer der Speicherung von personenbezogenen Daten ist die jeweilige gesetzliche Aufbewahrungsfrist. Nach Ablauf der Frist werden die entsprechenden Daten routinem\u00e4\u00dfig gel\u00f6scht, sofern sie nicht mehr zur Vertragserf\u00fcllung oder Vertragsanbahnung erforderlich sind.<\/p>\n<h4>Technischer Datenschutz und Weitergabe an Dritte<\/h4>\n<p>Ihre personenbezogenen Daten werden nur innerhalb unserer Universit\u00e4t verwertet bzw. im Rahmen der Autragsverarbeitung (Art.28 \u2013 EU-DSGVO) durch die Anbieter unserer Hostinginfrastruktur. Ausgenommen hiervon ist eine auf Aufforderung hin erfolgende \u00dcbermittlung an berechtigte staatliche Stellen und Strafverfolgungsbeh\u00f6rden im Falle eines Missbrauchs unseres Angebots, insbesondere eines vors\u00e4tzlichen Angriffs auf unser System. Ihre Angaben speichern wir auf gesch\u00fctzten Servern in Deutschland. Nur befugte und zur Verschwiegenheit verpflichtete Mitarbeiter haben Zugriff auf diese im Rahmen des Verbindungsaufbaus entstandenen Daten.<\/p>\n<h4>Einsatz von Cookies<\/h4>\n<p>Wenn Sie auf unsere Webseite zugreifen, legen wir unter Umst\u00e4nden Informationen in Form eines Cookies auf Ihrem Computer ab.Falls Sie den Einsatz von Cookies ablehnen, bitten wir Sie, die entsprechenden Einstellungen Ihres Browsers zu \u00e4ndern. Die Ablehnung von Cookies schr\u00e4nkt die Benutzung unserer Webseite nicht ein. N\u00e4here Informationen hierzu entnehmen Sie bitte den Anleitungen Ihres Browser-Herstellers.<\/p>\n<h4>Links zu anderen Anbietern<\/h4>\n<p>Unsere Webseiten k\u00f6nnen Links zu anderen Anbietern enthalten. Wir tragen keine Verantwortung daf\u00fcr, ob diese Anbieter die gesetzlichen Datenschutzbestimmungen einhalten.<\/p>\n<h4>Berechtigte Interessen an der Verarbeitung, die von dem Verantwortlichen oder einem Dritten verfolgt werden<\/h4>\n<p>Basiert die Verarbeitung personenbezogener Daten auf Artikel 6 I lit. f DS-GVO, ist unser berechtigtes Interesse die Durchf\u00fchrung unserer Gesch\u00e4ftst\u00e4tigkeit zugunsten des Wohlergehens all unserer Mitarbeiter und unserer Anteilseigner.<\/p>\n<h4>Gesetzliche oder vertragliche Vorschriften zur Bereitstellung der personenbezogenen Daten;<br \/>\nErforderlichkeit f\u00fcr den Vertragsabschluss;<br \/>\nVerpflichtung der betroffenen Person, die personenbezogenen Daten bereitzustellen;<br \/>\nm\u00f6gliche Folgen der Nichtbereitstellung<\/h4>\n<p>Wir kl\u00e4ren Sie dar\u00fcber auf, dass die Bereitstellung personenbezogener Daten zum Teil gesetzlich vorgeschrieben ist (z.B. Steuervorschriften) oder sich auch aus vertraglichen Regelungen (z.B. Angaben zum Vertragspartner) ergeben kann. Mitunter kann es zu einem Vertragsschluss erforderlich sein, dass eine betroffene Person uns personenbezogene Daten zur Verf\u00fcgung stellt, die in der Folge durch uns verarbeitet werden m\u00fcssen. Die betroffene Person ist beispielsweise verpflichtet uns personenbezogene Daten bereitzustellen, wenn unser Unternehmen mit ihr einen Vertrag abschlie\u00dft. Eine Nichtbereitstellung der personenbezogenen Daten h\u00e4tte zur Folge, dass der Vertrag mit dem Betroffenen nicht geschlossen werden k\u00f6nnte.<br \/>\nVor einer Bereitstellung personenbezogener Daten durch den Betroffenen muss sich der Betroffene an einen unserer Mitarbeiter wenden. Unser Mitarbeiter kl\u00e4rt den Betroffenen einzelfallbezogen dar\u00fcber auf, ob die Bereitstellung der personenbezogenen Daten gesetzlich oder vertraglich vorgeschrieben oder f\u00fcr den Vertragsabschluss erforderlich ist, ob eine Verpflichtung besteht, die personenbezogenen Daten bereitzustellen, und welche Folgen die Nichtbereitstellung der personenbezogenen Daten h\u00e4tte.<\/p>\n","protected":false},"excerpt":{"rendered":"<p>Die vorliegende Datenschutzrichtlinie erl\u00e4utert, welche Informationen bei der Nutzung des Internetangebots www.projekt-vera.de anfallen, vom Nutzer \u00fcberlassen werden, gegebenenfalls gesammelt werden und wie diese Daten von uns gesch\u00fctzt werden. Grunds\u00e4tzlich ist eine Nutzung unserer Internetseiten ohne jede Angabe personenbezogener Daten m\u00f6glich. Sofern eine betroffene Person besondere Services unseres Unternehmens \u00fcber unsere Internetseite in Anspruch nehmen m\u00f6chte, [&hellip;]<\/p>\n","protected":false},"author":1,"featured_media":0,"parent":0,"menu_order":0,"comment_status":"closed","ping_status":"closed","template":"","meta":[],"categories":[],"_links":{"self":[{"href":"https:\/\/www.projekt-vera.de\/wordpress\/index.php?rest_route=\/wp\/v2\/pages\/548"}],"collection":[{"href":"https:\/\/www.projekt-vera.de\/wordpress\/index.php?rest_route=\/wp\/v2\/pages"}],"about":[{"href":"https:\/\/www.projekt-vera.de\/wordpress\/index.php?rest_route=\/wp\/v2\/types\/page"}],"author":[{"embeddable":true,"href":"https:\/\/www.projekt-vera.de\/wordpress\/index.php?rest_route=\/wp\/v2\/users\/1"}],"replies":[{"embeddable":true,"href":"https:\/\/www.projekt-vera.de\/wordpress\/index.php?rest_route=%2Fwp%2Fv2%2Fcomments&post=548"}],"version-history":[{"count":10,"href":"https:\/\/www.projekt-vera.de\/wordpress\/index.php?rest_route=\/wp\/v2\/pages\/548\/revisions"}],"predecessor-version":[{"id":848,"href":"https:\/\/www.projekt-vera.de\/wordpress\/index.php?rest_route=\/wp\/v2\/pages\/548\/revisions\/848"}],"wp:attachment":[{"href":"https:\/\/www.projekt-vera.de\/wordpress\/index.php?rest_route=%2Fwp%2Fv2%2Fmedia&parent=548"}],"wp:term":[{"taxonomy":"category","embeddable":true,"href":"https:\/\/www.projekt-vera.de\/wordpress\/index.php?rest_route=%2Fwp%2Fv2%2Fcategories&post=548"}],"curies":[{"name":"wp","href":"https:\/\/api.w.org\/{rel}","templated":true}]}}