{"id":734,"date":"2021-11-18T18:15:21","date_gmt":"2021-11-18T17:15:21","guid":{"rendered":"https:\/\/www.projekt-vera.de\/wordpress\/?page_id=734"},"modified":"2023-02-14T11:58:18","modified_gmt":"2023-02-14T10:58:18","slug":"vera3-cbt","status":"publish","type":"page","link":"https:\/\/www.projekt-vera.de\/wordpress\/?page_id=734","title":{"rendered":"VERA 3: Videos"},"content":{"rendered":"<p><b>Einblick in die Lehrkraft\u00fcbersicht<\/b><br><iframe loading=\"lazy\" style=\"border: 1px solid #464646;\" src=\"https:\/\/vcm.uni-kl.de\/Panopto\/Pages\/Embed.aspx?id=208e1ee8-d138-4fbf-8682-ad7101109413&amp;autoplay=false&amp;offerviewer=true&amp;showtitle=true&amp;showbrand=false&amp;start=0&amp;interactivity=none\" allowfullscreen=\"allowfullscreen\" width=\"720\" height=\"405\"><\/iframe><\/p>\n<p><b>Informationen rund um die Zugangscodes<\/b><br><iframe loading=\"lazy\" style=\"border: 1px solid #464646;\" src=\"https:\/\/vcm.uni-kl.de\/Panopto\/Pages\/Embed.aspx?id=86da20ad-ef2a-40db-b27e-ad7101109413&amp;autoplay=false&amp;offerviewer=true&amp;showtitle=true&amp;showbrand=false&amp;start=0&amp;interactivity=none\" allowfullscreen=\"allowfullscreen\" width=\"720\" height=\"405\"><\/iframe><\/p>\n<p><b>Hinweise zur CBT &#8211; (Sch\u00fclervideo)<\/b><br><iframe loading=\"lazy\" style=\"border: 1px solid #464646;\" src=\"https:\/\/vcm.uni-kl.de\/Panopto\/Pages\/Embed.aspx?id=2e6f39c8-5fec-420d-8f19-afa900b30d9c&amp;autoplay=false&amp;offerviewer=true&amp;showtitle=true&amp;showbrand=false&amp;start=0&amp;interactivity=none\" allowfullscreen=\"allowfullscreen\" width=\"720\" height=\"405\"><\/iframe><\/p>\n<p><b>Hilfe bei Problemen w\u00e4hrend der Testung <\/b><br><iframe loading=\"lazy\" style=\"border: 1px solid #464646;\" src=\"https:\/\/vcm.uni-kl.de\/Panopto\/Pages\/Embed.aspx?id=79fc0b31-6584-499d-ae30-ae7400fa5984&amp;autoplay=false&amp;offerviewer=true&amp;showtitle=true&amp;showbrand=false&amp;captions=false&amp;interactivity=all\" allowfullscreen=\"allowfullscreen\" width=\"720\" height=\"405\"><\/iframe><\/p>\n\n\n<p><\/p>\n","protected":false},"excerpt":{"rendered":"<p>Einblick in die Lehrkraft\u00fcbersicht Informationen rund um die Zugangscodes Hinweise zur CBT &#8211; (Sch\u00fclervideo) Hilfe bei Problemen w\u00e4hrend der Testung<\/p>\n","protected":false},"author":1,"featured_media":0,"parent":0,"menu_order":0,"comment_status":"closed","ping_status":"closed","template":"","meta":[],"categories":[5],"_links":{"self":[{"href":"https:\/\/www.projekt-vera.de\/wordpress\/index.php?rest_route=\/wp\/v2\/pages\/734"}],"collection":[{"href":"https:\/\/www.projekt-vera.de\/wordpress\/index.php?rest_route=\/wp\/v2\/pages"}],"about":[{"href":"https:\/\/www.projekt-vera.de\/wordpress\/index.php?rest_route=\/wp\/v2\/types\/page"}],"author":[{"embeddable":true,"href":"https:\/\/www.projekt-vera.de\/wordpress\/index.php?rest_route=\/wp\/v2\/users\/1"}],"replies":[{"embeddable":true,"href":"https:\/\/www.projekt-vera.de\/wordpress\/index.php?rest_route=%2Fwp%2Fv2%2Fcomments&post=734"}],"version-history":[{"count":12,"href":"https:\/\/www.projekt-vera.de\/wordpress\/index.php?rest_route=\/wp\/v2\/pages\/734\/revisions"}],"predecessor-version":[{"id":828,"href":"https:\/\/www.projekt-vera.de\/wordpress\/index.php?rest_route=\/wp\/v2\/pages\/734\/revisions\/828"}],"wp:attachment":[{"href":"https:\/\/www.projekt-vera.de\/wordpress\/index.php?rest_route=%2Fwp%2Fv2%2Fmedia&parent=734"}],"wp:term":[{"taxonomy":"category","embeddable":true,"href":"https:\/\/www.projekt-vera.de\/wordpress\/index.php?rest_route=%2Fwp%2Fv2%2Fcategories&post=734"}],"curies":[{"name":"wp","href":"https:\/\/api.w.org\/{rel}","templated":true}]}}